{"id":180,"date":"2015-11-06T20:48:16","date_gmt":"2015-11-06T20:48:16","guid":{"rendered":"http:\/\/zanshinkai.de\/?page_id=180"},"modified":"2015-11-06T22:10:33","modified_gmt":"2015-11-06T22:10:33","slug":"sanshinkai-2013-2015","status":"publish","type":"page","link":"https:\/\/zanshinkai.de\/en\/sanshinkai-2013-2015\/","title":{"rendered":"Sanshinkai 2015-2013"},"content":{"rendered":"<p><strong>Sanshinkai 28.-29. M\u00e4rz 2015<\/strong><a href=\"http:\/\/zanshinkai.de\/sanshinkai-2015\/\"><img loading=\"lazy\" class=\"alignnone wp-image-216 size-full\" src=\"http:\/\/zanshinkai.de\/wp-content\/uploads\/2015\/11\/sanshinkai2015.jpg\" alt=\"sanshinkai2015\" width=\"500\" height=\"328\" srcset=\"https:\/\/zanshinkai.de\/wp-content\/uploads\/2015\/11\/sanshinkai2015.jpg 500w, https:\/\/zanshinkai.de\/wp-content\/uploads\/2015\/11\/sanshinkai2015-300x197.jpg 300w\" sizes=\"(max-width: 500px) 100vw, 500px\" \/><\/a><\/p>\n<p><strong>Sanshinkai 29.-30. M\u00e4rz 2014<\/strong><a href=\"http:\/\/zanshinkai.de\/sanshinkai-2014\/\"><img loading=\"lazy\" class=\"alignnone wp-image-215 size-full\" src=\"http:\/\/zanshinkai.de\/wp-content\/uploads\/2015\/11\/sanshinkai2014.jpg\" alt=\"sanshinkai2014\" width=\"500\" height=\"333\" srcset=\"https:\/\/zanshinkai.de\/wp-content\/uploads\/2015\/11\/sanshinkai2014.jpg 500w, https:\/\/zanshinkai.de\/wp-content\/uploads\/2015\/11\/sanshinkai2014-300x200.jpg 300w\" sizes=\"(max-width: 500px) 100vw, 500px\" \/><\/a><\/p>\n<p><strong>Sanshinkai 30.-31. M\u00e4rz 2013<\/strong><a href=\"http:\/\/zanshinkai.de\/sanshinkai-2013\/\"><img loading=\"lazy\" class=\"alignnone wp-image-214 size-full\" src=\"http:\/\/zanshinkai.de\/wp-content\/uploads\/2015\/11\/sanshinkai2013.jpg\" alt=\"sanshinkai2013\" width=\"500\" height=\"303\" srcset=\"https:\/\/zanshinkai.de\/wp-content\/uploads\/2015\/11\/sanshinkai2013.jpg 500w, https:\/\/zanshinkai.de\/wp-content\/uploads\/2015\/11\/sanshinkai2013-300x182.jpg 300w\" sizes=\"(max-width: 500px) 100vw, 500px\" \/><\/a><\/p>\n","protected":false},"excerpt":{"rendered":"<p>Sanshinkai 28.-29. M\u00e4rz 2015 Sanshinkai 29.-30. M\u00e4rz 2014 Sanshinkai 30.-31. M\u00e4rz 2013<\/p>\n","protected":false},"author":1,"featured_media":0,"parent":0,"menu_order":0,"comment_status":"closed","ping_status":"closed","template":"","meta":[],"_links":{"self":[{"href":"https:\/\/zanshinkai.de\/en\/wp-json\/wp\/v2\/pages\/180"}],"collection":[{"href":"https:\/\/zanshinkai.de\/en\/wp-json\/wp\/v2\/pages"}],"about":[{"href":"https:\/\/zanshinkai.de\/en\/wp-json\/wp\/v2\/types\/page"}],"author":[{"embeddable":true,"href":"https:\/\/zanshinkai.de\/en\/wp-json\/wp\/v2\/users\/1"}],"replies":[{"embeddable":true,"href":"https:\/\/zanshinkai.de\/en\/wp-json\/wp\/v2\/comments?post=180"}],"version-history":[{"count":8,"href":"https:\/\/zanshinkai.de\/en\/wp-json\/wp\/v2\/pages\/180\/revisions"}],"predecessor-version":[{"id":235,"href":"https:\/\/zanshinkai.de\/en\/wp-json\/wp\/v2\/pages\/180\/revisions\/235"}],"wp:attachment":[{"href":"https:\/\/zanshinkai.de\/en\/wp-json\/wp\/v2\/media?parent=180"}],"curies":[{"name":"wp","href":"https:\/\/api.w.org\/{rel}","templated":true}]}}